{"id":873,"date":"2021-05-04T06:10:39","date_gmt":"2021-05-04T06:10:39","guid":{"rendered":"https:\/\/www.birdwatchingroquetasdemar.com\/en\/?page_id=873"},"modified":"2021-06-08T07:35:58","modified_gmt":"2021-06-08T07:35:58","slug":"code-conduct","status":"publish","type":"page","link":"https:\/\/www.birdwatchingroquetasdemar.com\/en\/code-conduct\/","title":{"rendered":"Code of conduct"},"content":{"rendered":"<p>[et_pb_section fb_built=&#8221;1&#8243; custom_padding_last_edited=&#8221;on|phone&#8221; bg_img_2=&#8221;https:\/\/www.birdwatchingroquetasdemar.com\/en\/wp-content\/uploads\/2021\/05\/resort-02.jpg&#8221; use_background_color_gradient_2=&#8221;off&#8221; background_color_gradient_start_2=&#8221;rgba(255,255,255,0.65)&#8221; background_color_gradient_end_2=&#8221;rgba(255,255,255,0)&#8221; background_color_gradient_direction_2=&#8221;105deg&#8221; background_color_gradient_start_position_2=&#8221;0%&#8221; background_color_gradient_end_position_2=&#8221;76%&#8221; background_color_gradient_overlays_image_2=&#8221;on&#8221; admin_label=&#8221;Header&#8221; module_class=&#8221;cabecera__zonas&#8221; _builder_version=&#8221;4.9.4&#8243; background_image=&#8221;https:\/\/www.birdwatchingroquetasdemar.com\/en\/wp-content\/uploads\/2021\/05\/foto-excursiones-2-scaled.jpg&#8221; min_height_tablet=&#8221;&#8221; min_height_phone=&#8221;auto&#8221; min_height_last_edited=&#8221;on|phone&#8221; custom_padding=&#8221;20vw|0px|0|0px|false|false&#8221; custom_padding_tablet=&#8221;&#8221; custom_padding_phone=&#8221;50vw||||false|false&#8221; locked=&#8221;off&#8221;][\/et_pb_section][et_pb_section fb_built=&#8221;1&#8243; module_class=&#8221;codigo-conducta__textos&#8221; _builder_version=&#8221;4.9.4&#8243;][et_pb_row custom_padding_last_edited=&#8221;on|phone&#8221; module_class=&#8221;cabecera__zonas-fila&#8221; _builder_version=&#8221;4.9.4&#8243; background_color=&#8221;#ffffff&#8221; width_tablet=&#8221;&#8221; width_phone=&#8221;100%&#8221; width_last_edited=&#8221;on|phone&#8221; custom_padding=&#8221;|40px||40px||true&#8221; custom_padding_tablet=&#8221;|20px||20px|false|true&#8221; custom_padding_phone=&#8221;|20px||20px|false|true&#8221; use_custom_width=&#8221;on&#8221; custom_width_px=&#8221;1160px&#8221;][et_pb_column type=&#8221;4_4&#8243; _builder_version=&#8221;4.9.4&#8243; custom_padding=&#8221;|||&#8221; custom_padding__hover=&#8221;|||&#8221;][et_pb_text module_class=&#8221;cabecera__texto&#8221; _builder_version=&#8221;4.9.4&#8243; text_font=&#8221;Open Sans||||||||&#8221; text_line_height=&#8221;1.6em&#8221; header_font=&#8221;Poppins|600|||||||&#8221; header_text_color=&#8221;#000000&#8243; header_font_size=&#8221;37px&#8221; header_letter_spacing=&#8221;1px&#8221; header_line_height=&#8221;1.5em&#8221; header_2_font=&#8221;|700||on|||||&#8221; header_2_font_size=&#8221;16px&#8221; header_2_letter_spacing=&#8221;6px&#8221; header_2_line_height=&#8221;2em&#8221; header_3_font=&#8221;||||||||&#8221; custom_margin_tablet=&#8221;0vw||20px&#8221; hover_enabled=&#8221;0&#8243; header_font_size_tablet=&#8221;2vw&#8221; header_font_size_phone=&#8221;30px&#8221; header_font_size_last_edited=&#8221;on|phone&#8221; header_2_font_size_tablet=&#8221;&#8221; header_2_font_size_phone=&#8221;12px&#8221; header_2_font_size_last_edited=&#8221;on|phone&#8221; locked=&#8221;off&#8221; header_3_font_size__hover=&#8221;22px&#8221; header_3_font_size__hover_enabled=&#8221;22px&#8221; header_3_letter_spacing__hover=&#8221;0px&#8221; header_3_letter_spacing__hover_enabled=&#8221;0px&#8221; header_3_line_height__hover=&#8221;1em&#8221; header_3_line_height__hover_enabled=&#8221;1em&#8221; header_3_text_shadow_style__hover=&#8221;none&#8221; header_3_text_shadow_style__hover_enabled=&#8221;none&#8221; header_3_text_shadow_color__hover=&#8221;rgba(0,0,0,0.4)&#8221; header_3_text_shadow_color__hover_enabled=&#8221;rgba(0,0,0,0.4)&#8221; sticky_enabled=&#8221;0&#8243;]<\/p>\n<h1>Code of coduct<\/h1>\n<p>[\/et_pb_text][\/et_pb_column][\/et_pb_row][et_pb_row custom_padding_last_edited=&#8221;on|phone&#8221; module_class=&#8221;cabecera__zonas-fila&#8221; _builder_version=&#8221;3.25&#8243; background_color=&#8221;#ffffff&#8221; width_tablet=&#8221;&#8221; width_phone=&#8221;100%&#8221; width_last_edited=&#8221;on|phone&#8221; custom_padding=&#8221;|40px||40px||true&#8221; custom_padding_tablet=&#8221;|20px||20px|false|true&#8221; custom_padding_phone=&#8221;|20px||20px|false|true&#8221;][et_pb_column type=&#8221;4_4&#8243; _builder_version=&#8221;3.25&#8243; custom_padding=&#8221;|||&#8221; custom_padding__hover=&#8221;|||&#8221;][et_pb_text module_class=&#8221;codigo-conducta__norma&#8221; _builder_version=&#8221;4.9.4&#8243; header_3_font=&#8221;|700|||||||&#8221; header_3_text_color=&#8221;#0C71C3&#8243; header_3_font_size=&#8221;18px&#8221; background_size=&#8221;initial&#8221; background_position=&#8221;top_left&#8221; background_repeat=&#8221;repeat&#8221; text_orientation=&#8221;justified&#8221; custom_margin=&#8221;||20px||false|false&#8221; custom_padding=&#8221;||||false|false&#8221; hover_enabled=&#8221;0&#8243; sticky_enabled=&#8221;0&#8243;]It is convenient for everyone always to remember our code of conduct for birdwatching and at Roquetas de Mar BirdWatching we adhere to the one promoted by the reference organisation for study and conservation in our country:[\/et_pb_text][et_pb_text module_class=&#8221;codigo-conducta__norma&#8221; _builder_version=&#8221;4.9.4&#8243; header_3_font=&#8221;|700|||||||&#8221; header_3_text_color=&#8221;#0C71C3&#8243; header_3_font_size=&#8221;18px&#8221; background_size=&#8221;initial&#8221; background_position=&#8221;top_left&#8221; background_repeat=&#8221;repeat&#8221; text_orientation=&#8221;justified&#8221; custom_margin=&#8221;||20px||false|false&#8221; custom_padding=&#8221;||||false|false&#8221; hover_enabled=&#8221;0&#8243; sticky_enabled=&#8221;0&#8243;]<\/p>\n<h3>The birds\u2019 welfare must ALWAYS come first<\/h3>\n<p>For our activity to be respectful towards nature it must be consistent with it and its inhabitants, so our presence should not be an inconvenience for the birds and, should it put them at risk, or disturb them in any way, we must withdraw.<\/p>\n<p>[\/et_pb_text][et_pb_text module_class=&#8221;codigo-conducta__norma&#8221; _builder_version=&#8221;4.9.4&#8243; header_3_font=&#8221;|700|||||||&#8221; header_3_text_color=&#8221;#0C71C3&#8243; header_3_font_size=&#8221;18px&#8221; background_size=&#8221;initial&#8221; background_position=&#8221;top_left&#8221; background_repeat=&#8221;repeat&#8221; text_orientation=&#8221;justified&#8221; custom_margin=&#8221;||20px||false|false&#8221; custom_padding=&#8221;||||false|false&#8221; hover_enabled=&#8221;0&#8243; sticky_enabled=&#8221;0&#8243;]<\/p>\n<h3>The birds\u2019 &#8220;home&#8221; (habitat) must be protected<\/h3>\n<p>It is vital for their existence, and as respectful as our behaviour must be with the birds, it must also be respectful of their habitat. Therefore:<\/p>\n<p>\u2022\tLeave no kind of waste or litter.<\/p>\n<p>\u2022\tDo not damage the flora or other natural features of the environment, neither collecting, nor moving or removing anything from the place.<\/p>\n<p>\u2022\tBe careful where you walk, remain on paths and tracks straying as little as possible from them.<\/p>\n<p>\u2022\tAvoid making loud noises and speak quietly so as not to disturb wildlife or other watchers.<br \/>\n[\/et_pb_text][et_pb_text module_class=&#8221;codigo-conducta__norma&#8221; _builder_version=&#8221;4.9.4&#8243; header_3_font=&#8221;|700|||||||&#8221; header_3_text_color=&#8221;#0C71C3&#8243; header_3_font_size=&#8221;18px&#8221; background_size=&#8221;initial&#8221; background_position=&#8221;top_left&#8221; background_repeat=&#8221;repeat&#8221; text_orientation=&#8221;justified&#8221; custom_margin=&#8221;||20px||false|false&#8221; custom_padding=&#8221;||||false|false&#8221; hover_enabled=&#8221;0&#8243; sticky_enabled=&#8221;0&#8243;]<\/p>\n<h3>Do not influence or alter the behaviour of the birds<\/h3>\n<p>There are times when birds are particularly sensitive; when they are nesting, when they are migrating, when they are resting, when they are weak. Therefore, we must keep a prudent distance. If we keep still and do not interfere, the birds will most likely surprise us. Remember:<\/p>\n<p>\u2022\tWhen they are nesting, we should not approach them, if we find a nest or chick which has escaped from the nest, we should not pick it up or even touch it. <\/p>\n<p>\u2022\tIf lures are used to attract birds during the mating season, we are insistently and repeatedly exposing them to danger.<\/p>\n<p>\u2022\tWhen birds are migrating, they come to our sites to feed and rest, to continue their journey. Therefore, respecting these moments is also fundamental for the birds&#8217; well-being.<\/p>\n<p>\u2022\tBird roosts must be considered as important as resting or nesting sites.<\/p>\n<p>\u2022\tWhen a bird is weak, any effort to flee from our presence could be fatal because it uses up its last energy, so we must keep our distance. If an injured bird is spotted, call 112 (emergency services), and they will take care of it.\n<\/p>\n<p>[\/et_pb_text][et_pb_text module_class=&#8221;codigo-conducta__norma&#8221; _builder_version=&#8221;4.9.4&#8243; header_3_font=&#8221;|700|||||||&#8221; header_3_text_color=&#8221;#0C71C3&#8243; header_3_font_size=&#8221;18px&#8221; background_size=&#8221;initial&#8221; background_position=&#8221;top_left&#8221; background_repeat=&#8221;repeat&#8221; text_orientation=&#8221;justified&#8221; custom_margin=&#8221;||20px||false|false&#8221; custom_padding=&#8221;||||false|false&#8221; hover_enabled=&#8221;0&#8243; sticky_enabled=&#8221;0&#8243;]<\/p>\n<h3>When an endangered species is sighted, it is necessary to be cautious with the dissemination of the information<\/h3>\n<p>As with sensitive species, we should be extremely cautious with how we handle information about them. We suggest that you allow us to have your data to be able to protect the bird in question, and to be cautious when disseminating it, as excessive attendance or concentration of birders could be detrimental to its wellbeing.   [\/et_pb_text][et_pb_text module_class=&#8221;codigo-conducta__norma&#8221; _builder_version=&#8221;4.9.4&#8243; header_3_font=&#8221;|700|||||||&#8221; header_3_text_color=&#8221;#0C71C3&#8243; header_3_font_size=&#8221;18px&#8221; background_size=&#8221;initial&#8221; background_position=&#8221;top_left&#8221; background_repeat=&#8221;repeat&#8221; text_orientation=&#8221;justified&#8221; custom_margin=&#8221;||20px||false|false&#8221; custom_padding=&#8221;||||false|false&#8221; hover_enabled=&#8221;0&#8243; sticky_enabled=&#8221;0&#8243;]<\/p>\n<h3>Respect the regulations on the protection of birds.<\/h3>\n<p>[\/et_pb_text][et_pb_text module_class=&#8221;codigo-conducta__norma&#8221; _builder_version=&#8221;4.9.4&#8243; header_3_font=&#8221;|700|||||||&#8221; header_3_text_color=&#8221;#0C71C3&#8243; header_3_font_size=&#8221;18px&#8221; background_size=&#8221;initial&#8221; background_position=&#8221;top_left&#8221; background_repeat=&#8221;repeat&#8221; text_orientation=&#8221;justified&#8221; custom_margin=&#8221;||20px||false|false&#8221; custom_padding=&#8221;||||false|false&#8221; hover_enabled=&#8221;0&#8243; sticky_enabled=&#8221;0&#8243;]<\/p>\n<h3>Respect the rights of private landowners.<\/h3>\n<p>Our activity does not give us the right to take precedence over the owners of the properties. If we have any doubts, the best thing to do is to ask. The public routes designed for this purpose must be used.  [\/et_pb_text][et_pb_text module_class=&#8221;codigo-conducta__norma&#8221; _builder_version=&#8221;4.9.4&#8243; header_3_font=&#8221;|700|||||||&#8221; header_3_text_color=&#8221;#0C71C3&#8243; header_3_font_size=&#8221;18px&#8221; background_size=&#8221;initial&#8221; background_position=&#8221;top_left&#8221; background_repeat=&#8221;repeat&#8221; text_orientation=&#8221;justified&#8221; custom_margin=&#8221;||20px||false|false&#8221; custom_padding=&#8221;||||false|false&#8221; hover_enabled=&#8221;0&#8243; sticky_enabled=&#8221;0&#8243;]<\/p>\n<h3>Respect the rights of people in the observation areas.<\/h3>\n<p>Others have the same rights as us, mutual respect allows us to better enjoy nature, and birdlife in particular.  [\/et_pb_text][et_pb_text module_class=&#8221;codigo-conducta__norma&#8221; _builder_version=&#8221;4.9.4&#8243; header_3_font=&#8221;|700|||||||&#8221; header_3_text_color=&#8221;#0C71C3&#8243; header_3_font_size=&#8221;18px&#8221; background_size=&#8221;initial&#8221; background_position=&#8221;top_left&#8221; background_repeat=&#8221;repeat&#8221; text_orientation=&#8221;justified&#8221; custom_margin=&#8221;||20px||false|false&#8221; custom_padding=&#8221;||||false|false&#8221; hover_enabled=&#8221;0&#8243; sticky_enabled=&#8221;0&#8243;]<\/p>\n<h3>Share your information with other local birders.<\/h3>\n<p>There is strength in numbers, and much of today&#8217;s knowledge about birds comes from many observations. Contributing to that knowledge is contributing to protection. By sharing with us through the observation channel, we get it to where it will be useful.[\/et_pb_text][et_pb_text module_class=&#8221;codigo-conducta__norma&#8221; _builder_version=&#8221;4.9.4&#8243; header_3_font=&#8221;|700|||||||&#8221; header_3_text_color=&#8221;#0C71C3&#8243; header_3_font_size=&#8221;18px&#8221; background_size=&#8221;initial&#8221; background_position=&#8221;top_left&#8221; background_repeat=&#8221;repeat&#8221; text_orientation=&#8221;justified&#8221; custom_margin=&#8221;||20px||false|false&#8221; custom_padding=&#8221;||||false|false&#8221; hover_enabled=&#8221;0&#8243; sticky_enabled=&#8221;0&#8243;]<\/p>\n<h3>Behave as you would like others to behave in your own area<\/h3>\n<p>Good behaviour and following these simple rules will enable birders to become ambassadors for the conservation of birds and their habitats.[\/et_pb_text][\/et_pb_column][\/et_pb_row][\/et_pb_section]<\/p>\n","protected":false},"excerpt":{"rendered":"<p>Code of coductIt is convenient for everyone always to remember our code of conduct for birdwatching and at Roquetas de Mar BirdWatching we adhere to the one promoted by the reference organisation for study and conservation in our country:The birds\u2019 welfare must ALWAYS come first For our activity to be respectful towards nature it must [&hellip;]<\/p>\n","protected":false},"author":4,"featured_media":0,"parent":0,"menu_order":0,"comment_status":"closed","ping_status":"closed","template":"","meta":{"_acf_changed":false,"_et_pb_use_builder":"on","_et_pb_old_content":"<p>Recordemos siempre cu\u00e1l debe ser nuestro c\u00f3digo de conducta para la observaci\u00f3n de las aves y desde <strong>Roquetas BirdWatching<\/strong> nos adherimos al que ha promovido la organizaci\u00f3n de estudio y conservaci\u00f3n de referencia en nuestro pa\u00eds:<\/p><ol><li><strong>El bienestar de las aves debe ser SIEMPRE lo primero<\/strong>. Nuestra actividad para que sea respetuosa con la naturaleza ha de ser consecuente con ella y sus seres, por lo que nuestra presencia no debe ser un inconveniente para las aves y en caso de ponerlas en riesgo, molestarlas, debemos retirarnos.<\/li><\/ol><p>\u00a0<\/p><ol start=\"2\"><li><strong>La \u201ccasa\u201d (h\u00e1bitat) de las aves debe ser protegida<\/strong>. Es vital para su existencia, igualmente lo respetuosos que ha de ser nuestro comportamiento con las aves, lo ha de ser con su h\u00e1bitat. Por ello:<ul><li>No abandonaremos ning\u00fan tipo de desperdicio.<\/li><li>No da\u00f1aremos la flora ni otros elementos naturales del entorno, ni recolectando, ni movi\u00e9ndonos o desplaz\u00e1ndonos del lugar.<\/li><li>Cuidado por d\u00f3nde pisamos, trataremos de permanecer\u00e9 en sendas y pistas y pisaremos lo menos posible fuera de ellas.<\/li><li>Evitaremos ser ruidosos sin emitir sonidos fuertes y hablaremos en voz baja para no molestar a la fauna ni a otros observadores.<\/li><\/ul><\/li><\/ol><p>\u00a0<\/p><ol start=\"3\"><li><strong>No influir ni alterar el comportamiento de las aves<\/strong>. Hay momentos en el que las aves son especialmente sensibles, cuando est\u00e1n nidificando, cuando se desplazan en los movimientos migratorios, cuando descansan, cuando est\u00e1n d\u00e9biles. Por ello debemos mantener una distancia prudencial. Si nos mantenemos quietos y no interferimos, lo m\u00e1s posible es que el ave nos sorprenda. Recordemos:<ul><li>Cuando est\u00e1n <strong>nidificando<\/strong>, no debemos acercarnos a ellas, si encontramos un nido o un pollo fugado den nido, no debemos recogerlo ni tocarlo.<\/li><li>Si se utiliza reclamos para atraer aves en <strong>\u00e9poca de celo<\/strong>, lo que conseguimos haci\u00e9ndolo de forma insistente y reiterativa es exponerlas a los peligros.<\/li><li>Cuando las aves est\u00e1n <strong>migrando<\/strong>, acuden a nuestros lugares para alimentarse y descansar, para poder continuar con su viaje. Por lo tanto, respetar esos momentos es fundamental tambi\u00e9n para el bienestar de las aves.<\/li><li>Los <strong>dormideros<\/strong> de aves, tienen que tener la misma consideraci\u00f3n que los lugares de descanso o nidificaci\u00f3n.<\/li><li>Cuando un ave est\u00e1 d\u00e9bil, cualquier esfuerzo para huir de nuestra presencia puede ser fatal por consumir su \u00faltima energ\u00eda, debemos guardar la distancia. Si el ave est\u00e1 herida, debemos llamar al 112, ellos se encargar\u00e1n.<\/li><\/ul><\/li><\/ol><p>\u00a0<\/p><ol start=\"4\"><li><strong>Cuando se aviste una especie en peligro, hay que tener prudencia con la difusi\u00f3n de la informaci\u00f3n<\/strong> Algunas veces, difundir los datos de observaci\u00f3n puede poner en peligro a la especie observada, para evitarlo hemos de tener un juicio cr\u00edtico y ser muy cautos. Utilizando el canal de difusi\u00f3n de <strong>Roquetas BirdWatching<\/strong>, nosotros nos encargamos de difundir la observaci\u00f3n con la debida cautela y prudencia.<\/li><\/ol><p>\u00a0<\/p><ol start=\"5\"><li><strong>No acosar a las especies divagante ni rarezas. <\/strong>Igualmente que para las especies sensibles, se ha de ser muy cauto, por lo que sugerimos que nos permitas disponer de tus datos para proteger al ave en cuesti\u00f3n, ya que una excesiva asistencia o concentraci\u00f3n de observadores puede ser perjudicial para el ave. De la misma manera ofreceremos los canales adecuados para que la cita sea considerada por el \u201cComit\u00e9 de Rarezas\u201d o de \u201cAves Ex\u00f3ticas\u201d de Espa\u00f1a.<\/li><\/ol><p>\u00a0<\/p><ol start=\"6\"><li><strong>Respetar la normativa sobre la protecci\u00f3n de las aves<\/strong><\/li><\/ol><p>\u00a0<\/p><ol start=\"7\"><li><strong>Respeto de los derechos de los propietarios particulares. <\/strong>Nuestra actividad no nos confiere la prevalencia sobre las titularidades de las fincas. Si tenemos alguna duda, lo mejor es preguntar. Se ha de utilizar los circuitos de uso p\u00fablico dise\u00f1ados al efecto.<\/li><\/ol><p>\u00a0<\/p><ol start=\"8\"><li><strong>Respetar los derechos de las personas en las zonas de observaci\u00f3n.<\/strong> Los dem\u00e1s tienen los mismos derechos que nosotros, el respeto mutuo nos permite un mayor disfrute de la naturaleza y su avifauna en particular.<\/li><\/ol><p>\u00a0<\/p><ol start=\"9\"><li><strong>Comparte tus citas con otros observadores locales.<\/strong> La uni\u00f3n hace la fuerza, y muchos de los conocimientos actuales sobre las aves proceden de muchas observaciones. Contribuir a ese conocimiento es contribuir a la protecci\u00f3n. Compartiendo con nosotros a trav\u00e9s del canal de observaciones, lo llevamos a donde ser\u00e1 \u00fatil.<\/li><\/ol><p>\u00a0<\/p><ol start=\"10\"><li><strong>Comp\u00f3rtate como te gustar\u00eda que otros se comportaran en tu zona<\/strong>. Un buen comportamiento y el seguimiento de estas sencillas normas, convierte a los observadores en embajadores de la conservaci\u00f3n de las aves y de sus h\u00e1bitats.<\/li><\/ol>","_et_gb_content_width":"","footnotes":""},"class_list":["post-873","page","type-page","status-publish","hentry"],"acf":[],"yoast_head":"<!-- This site is optimized with the Yoast SEO plugin v27.5 - https:\/\/yoast.com\/product\/yoast-seo-wordpress\/ -->\n<title>Code of conduct - Birdwatching Roquetas de Mar<\/title>\n<meta name=\"robots\" content=\"index, follow, max-snippet:-1, max-image-preview:large, max-video-preview:-1\" \/>\n<link rel=\"canonical\" href=\"https:\/\/www.birdwatchingroquetasdemar.com\/en\/code-conduct\/\" \/>\n<meta property=\"og:locale\" content=\"en_GB\" \/>\n<meta property=\"og:type\" content=\"article\" \/>\n<meta property=\"og:title\" content=\"Code of conduct - Birdwatching Roquetas de Mar\" \/>\n<meta property=\"og:description\" content=\"Code of coductIt is convenient for everyone always to remember our code of conduct for birdwatching and at Roquetas de Mar BirdWatching we adhere to the one promoted by the reference organisation for study and conservation in our country:The birds\u2019 welfare must ALWAYS come first For our activity to be respectful towards nature it must [&hellip;]\" \/>\n<meta property=\"og:url\" content=\"https:\/\/www.birdwatchingroquetasdemar.com\/en\/code-conduct\/\" \/>\n<meta property=\"og:site_name\" content=\"Birdwatching Roquetas de Mar\" \/>\n<meta property=\"article:modified_time\" content=\"2021-06-08T07:35:58+00:00\" \/>\n<meta name=\"twitter:card\" content=\"summary_large_image\" \/>\n<meta name=\"twitter:label1\" content=\"Estimated reading time\" \/>\n\t<meta name=\"twitter:data1\" content=\"8 minutes\" \/>\n<script type=\"application\/ld+json\" class=\"yoast-schema-graph\">{\"@context\":\"https:\\\/\\\/schema.org\",\"@graph\":[{\"@type\":\"WebPage\",\"@id\":\"https:\\\/\\\/www.birdwatchingroquetasdemar.com\\\/en\\\/code-conduct\\\/\",\"url\":\"https:\\\/\\\/www.birdwatchingroquetasdemar.com\\\/en\\\/code-conduct\\\/\",\"name\":\"Code of conduct - Birdwatching Roquetas de Mar\",\"isPartOf\":{\"@id\":\"https:\\\/\\\/www.birdwatchingroquetasdemar.com\\\/en\\\/#website\"},\"datePublished\":\"2021-05-04T06:10:39+00:00\",\"dateModified\":\"2021-06-08T07:35:58+00:00\",\"breadcrumb\":{\"@id\":\"https:\\\/\\\/www.birdwatchingroquetasdemar.com\\\/en\\\/code-conduct\\\/#breadcrumb\"},\"inLanguage\":\"en-GB\",\"potentialAction\":[{\"@type\":\"ReadAction\",\"target\":[\"https:\\\/\\\/www.birdwatchingroquetasdemar.com\\\/en\\\/code-conduct\\\/\"]}]},{\"@type\":\"BreadcrumbList\",\"@id\":\"https:\\\/\\\/www.birdwatchingroquetasdemar.com\\\/en\\\/code-conduct\\\/#breadcrumb\",\"itemListElement\":[{\"@type\":\"ListItem\",\"position\":1,\"name\":\"Home\",\"item\":\"https:\\\/\\\/www.birdwatchingroquetasdemar.com\\\/en\\\/\"},{\"@type\":\"ListItem\",\"position\":2,\"name\":\"Code of conduct\"}]},{\"@type\":\"WebSite\",\"@id\":\"https:\\\/\\\/www.birdwatchingroquetasdemar.com\\\/en\\\/#website\",\"url\":\"https:\\\/\\\/www.birdwatchingroquetasdemar.com\\\/en\\\/\",\"name\":\"Birdwatching Roquetas de Mar\",\"description\":\"\",\"potentialAction\":[{\"@type\":\"SearchAction\",\"target\":{\"@type\":\"EntryPoint\",\"urlTemplate\":\"https:\\\/\\\/www.birdwatchingroquetasdemar.com\\\/en\\\/?s={search_term_string}\"},\"query-input\":{\"@type\":\"PropertyValueSpecification\",\"valueRequired\":true,\"valueName\":\"search_term_string\"}}],\"inLanguage\":\"en-GB\"}]}<\/script>\n<!-- \/ Yoast SEO plugin. -->","yoast_head_json":{"title":"Code of conduct - Birdwatching Roquetas de Mar","robots":{"index":"index","follow":"follow","max-snippet":"max-snippet:-1","max-image-preview":"max-image-preview:large","max-video-preview":"max-video-preview:-1"},"canonical":"https:\/\/www.birdwatchingroquetasdemar.com\/en\/code-conduct\/","og_locale":"en_GB","og_type":"article","og_title":"Code of conduct - Birdwatching Roquetas de Mar","og_description":"Code of coductIt is convenient for everyone always to remember our code of conduct for birdwatching and at Roquetas de Mar BirdWatching we adhere to the one promoted by the reference organisation for study and conservation in our country:The birds\u2019 welfare must ALWAYS come first For our activity to be respectful towards nature it must [&hellip;]","og_url":"https:\/\/www.birdwatchingroquetasdemar.com\/en\/code-conduct\/","og_site_name":"Birdwatching Roquetas de Mar","article_modified_time":"2021-06-08T07:35:58+00:00","twitter_card":"summary_large_image","twitter_misc":{"Estimated reading time":"8 minutes"},"schema":{"@context":"https:\/\/schema.org","@graph":[{"@type":"WebPage","@id":"https:\/\/www.birdwatchingroquetasdemar.com\/en\/code-conduct\/","url":"https:\/\/www.birdwatchingroquetasdemar.com\/en\/code-conduct\/","name":"Code of conduct - Birdwatching Roquetas de Mar","isPartOf":{"@id":"https:\/\/www.birdwatchingroquetasdemar.com\/en\/#website"},"datePublished":"2021-05-04T06:10:39+00:00","dateModified":"2021-06-08T07:35:58+00:00","breadcrumb":{"@id":"https:\/\/www.birdwatchingroquetasdemar.com\/en\/code-conduct\/#breadcrumb"},"inLanguage":"en-GB","potentialAction":[{"@type":"ReadAction","target":["https:\/\/www.birdwatchingroquetasdemar.com\/en\/code-conduct\/"]}]},{"@type":"BreadcrumbList","@id":"https:\/\/www.birdwatchingroquetasdemar.com\/en\/code-conduct\/#breadcrumb","itemListElement":[{"@type":"ListItem","position":1,"name":"Home","item":"https:\/\/www.birdwatchingroquetasdemar.com\/en\/"},{"@type":"ListItem","position":2,"name":"Code of conduct"}]},{"@type":"WebSite","@id":"https:\/\/www.birdwatchingroquetasdemar.com\/en\/#website","url":"https:\/\/www.birdwatchingroquetasdemar.com\/en\/","name":"Birdwatching Roquetas de Mar","description":"","potentialAction":[{"@type":"SearchAction","target":{"@type":"EntryPoint","urlTemplate":"https:\/\/www.birdwatchingroquetasdemar.com\/en\/?s={search_term_string}"},"query-input":{"@type":"PropertyValueSpecification","valueRequired":true,"valueName":"search_term_string"}}],"inLanguage":"en-GB"}]}},"_links":{"self":[{"href":"https:\/\/www.birdwatchingroquetasdemar.com\/en\/wp-json\/wp\/v2\/pages\/873","targetHints":{"allow":["GET"]}}],"collection":[{"href":"https:\/\/www.birdwatchingroquetasdemar.com\/en\/wp-json\/wp\/v2\/pages"}],"about":[{"href":"https:\/\/www.birdwatchingroquetasdemar.com\/en\/wp-json\/wp\/v2\/types\/page"}],"author":[{"embeddable":true,"href":"https:\/\/www.birdwatchingroquetasdemar.com\/en\/wp-json\/wp\/v2\/users\/4"}],"replies":[{"embeddable":true,"href":"https:\/\/www.birdwatchingroquetasdemar.com\/en\/wp-json\/wp\/v2\/comments?post=873"}],"version-history":[{"count":28,"href":"https:\/\/www.birdwatchingroquetasdemar.com\/en\/wp-json\/wp\/v2\/pages\/873\/revisions"}],"predecessor-version":[{"id":1992,"href":"https:\/\/www.birdwatchingroquetasdemar.com\/en\/wp-json\/wp\/v2\/pages\/873\/revisions\/1992"}],"wp:attachment":[{"href":"https:\/\/www.birdwatchingroquetasdemar.com\/en\/wp-json\/wp\/v2\/media?parent=873"}],"curies":[{"name":"wp","href":"https:\/\/api.w.org\/{rel}","templated":true}]}}